{"id":7575,"date":"2026-01-21T14:30:35","date_gmt":"2026-01-21T14:30:35","guid":{"rendered":"https:\/\/newlife-secondhand.at\/?post_type=product&#038;p=7575"},"modified":"2026-02-13T15:39:01","modified_gmt":"2026-02-13T15:39:01","slug":"oxymel-erholsamer-schlaf-mit-lavendel-hopfenbluete-zitronenmelisse-200ml","status":"publish","type":"product","link":"https:\/\/newlife-secondhand.at\/index.php\/product\/oxymel-erholsamer-schlaf-mit-lavendel-hopfenbluete-zitronenmelisse-200ml\/","title":{"rendered":"Oxymel &#8222;erholsamer Schlaf&#8220; mit Lavendel-Hopfenbl\u00fcte-Zitronenmelisse  200ml"},"content":{"rendered":"","protected":false},"excerpt":{"rendered":"<p>Oxymel<br \/>\nMischungsverh\u00e4ltnis von Honig und G\u00e4rungsessig (Apfelessig) 3:1<br \/>\nmit Essigauszug aus Lavendelbl\u00fcte, Hopfenbl\u00fcte und Zitronenmelisse<br \/>\nUnsere Oxymele werden nur einfach gefiltert, damit die wertvollen Inhaltstoffe erhalten bleiben, dadurch ist nat\u00fcrliche Satzbildung m\u00f6glich. Bitte vor Gebrauch aufsch\u00fctteln.<\/p>\n","protected":false},"featured_media":7977,"template":"","meta":[],"product_brand":[],"product_cat":[86],"product_tag":[],"class_list":{"0":"post-7575","1":"product","2":"type-product","3":"status-publish","4":"has-post-thumbnail","6":"product_cat-oxymel","8":"first","9":"instock","10":"shipping-taxable","11":"purchasable","12":"product-type-simple"},"_links":{"self":[{"href":"https:\/\/newlife-secondhand.at\/index.php\/wp-json\/wp\/v2\/product\/7575","targetHints":{"allow":["GET"]}}],"collection":[{"href":"https:\/\/newlife-secondhand.at\/index.php\/wp-json\/wp\/v2\/product"}],"about":[{"href":"https:\/\/newlife-secondhand.at\/index.php\/wp-json\/wp\/v2\/types\/product"}],"wp:featuredmedia":[{"embeddable":true,"href":"https:\/\/newlife-secondhand.at\/index.php\/wp-json\/wp\/v2\/media\/7977"}],"wp:attachment":[{"href":"https:\/\/newlife-secondhand.at\/index.php\/wp-json\/wp\/v2\/media?parent=7575"}],"wp:term":[{"taxonomy":"product_brand","embeddable":true,"href":"https:\/\/newlife-secondhand.at\/index.php\/wp-json\/wp\/v2\/product_brand?post=7575"},{"taxonomy":"product_cat","embeddable":true,"href":"https:\/\/newlife-secondhand.at\/index.php\/wp-json\/wp\/v2\/product_cat?post=7575"},{"taxonomy":"product_tag","embeddable":true,"href":"https:\/\/newlife-secondhand.at\/index.php\/wp-json\/wp\/v2\/product_tag?post=7575"}],"curies":[{"name":"wp","href":"https:\/\/api.w.org\/{rel}","templated":true}]}}